{"id":1316,"date":"2017-10-16T04:10:26","date_gmt":"2017-10-16T02:10:26","guid":{"rendered":"http:\/\/ninzio.com\/finax\/?page_id=1316"},"modified":"2023-02-27T08:20:15","modified_gmt":"2023-02-27T07:20:15","slug":"about-us","status":"publish","type":"page","link":"https:\/\/zsquaresolutionsinc.com\/fr\/about-us\/","title":{"rendered":"\u00c0 propos"},"content":{"rendered":"<div class=\"wpb-content-wrapper\"><div class=\"vc-custom-col-spacing clearfix vc-col-spacing-30\"><section class=\"wpb_row vc_row-fluid\"><div class=\"finax-container\"><div class=\"row-inner clearfix\"><div class=\"wpb_column vc_column_container vc_col-sm-12\"><div class=\"vc_column-inner\"><div class=\"wpb_wrapper\">\r\n\t<div class=\"finax-spacer clearfix\" data-desktop=\"92\" data-mobi=\"60\" data-smobi=\"60\"><\/div><div class=\"vc-custom-col-inner-spacing clearfix vc-col-inner-spacing-30\"><div class=\"wpb_row vc_inner vc_row-fluid\"><div class=\"wpb_column vc_column_container vc_col-sm-5\"><div class=\"vc_column-inner\"><div class=\"wpb_wrapper\"><div class=\"finax-content-box clearfix\" data-padding=\"0px 35px 0px 0px\" data-mobipadding=\"0px 0px 0px 0px\" data-margin=\"\" data-mobimargin=\"\" >\r\n\t\t<div class=\"inner ctb-858971438\" style=\"\"  data-background=\"\">\r\n\t\t\t<div class=\"finax-headings clearfix\" data-font=\"36\" style=\"\"><h2 class=\"heading clearfix\" style=\"font-weight:700;line-height:52px;font-size:36px;\">\r\n\t\tZsquare Solutions Inc.<span><\/span>\r\n\t<\/h2><\/div>\r\n\t\t<\/div>\r\n\t<\/div>\r\n\t<div class=\"finax-spacer clearfix\" data-desktop=\"0\" data-mobi=\"30\" data-smobi=\"30\"><\/div><\/div><\/div><\/div><div class=\"wpb_column vc_column_container vc_col-sm-7\"><div class=\"vc_column-inner\"><div class=\"wpb_wrapper\">\n\t<div class=\"wpb_text_column wpb_content_element\" >\n\t\t<div class=\"wpb_wrapper\">\n\t\t\t<div class=\"line-height-30 margin-top-5\">\n<p><span>ZSI est une soci\u00e9t\u00e9 de services en technologies de l\u2019information sp\u00e9cialis\u00e9e dans les tests logiciels et <strong>la r\u00e9solution des d\u00e9fis qualit\u00e9 de ses clients. Nous livrons des applications<\/strong> , produits <strong>et services de haute qualit\u00e9, accompagn\u00e9s d\u2019une formation excellente,<\/strong>pour <strong>satisfaire<\/strong> les utilisateurs finaux.<\/span><\/p>\n<\/div>\n\n\t\t<\/div>\n\t<\/div>\n<\/div><\/div><\/div><\/div><\/div>\n\t<div class=\"wpb_text_column wpb_content_element\" >\n\t\t<div class=\"wpb_wrapper\">\n\t\t\t<div class=\"line-height-30 margin-top-5\">\n<p>&nbsp;<\/p>\n<p>Les professionnels de l\u2019assurance qualit\u00e9 sont des citoyens de premi\u00e8re classe dans les organisations agiles. Chez ZSI, nous accompagnons votre \u00e9quipe de livraison dans sa transformation agile en la conseillant et en la coachant en fonction de vos besoins actuels et des d\u00e9fis organisationnels, afin d\u2019adopter les pratiques DevOps. <strong>Nous sommes passionn\u00e9s<\/strong> par la livraison d\u2019applications de haute qualit\u00e9, <strong>obs\u00e9d\u00e9s<\/strong> par la satisfaction de vos utilisateurs finaux et engag\u00e9s <strong>envers l\u2019excellence qualit\u00e9 pour<\/strong> une livraison continue.<\/p>\n<\/div>\n\n\t\t<\/div>\n\t<\/div>\n\r\n\t<div class=\"finax-spacer clearfix\" data-desktop=\"110\" data-mobi=\"60\" data-smobi=\"60\"><\/div><\/div><\/div><\/div><\/div><\/div><\/section><\/div><div class=\"vc-custom-col-spacing clearfix vc-col-spacing-30\"><section class=\"wpb_row vc_row-fluid vc_custom_1567861681284 vc_row-has-fill\"><div class=\"finax-container\"><div class=\"row-inner clearfix\"><div class=\"wpb_column vc_column_container vc_col-sm-12\"><div class=\"vc_column-inner\"><div class=\"wpb_wrapper\">\r\n\t<div class=\"finax-spacer clearfix\" data-desktop=\"115\" data-mobi=\"60\" data-smobi=\"60\"><\/div><div class=\"finax-headings clearfix\"  style=\"\"><h2 class=\"heading clearfix\" style=\"font-weight:700;\">\r\n\t\tPourquoi choisir ZSI ?<span><\/span>\r\n\t<\/h2><\/div>\r\n\t<div class=\"finax-spacer clearfix\" data-desktop=\"44\" data-mobi=\"30\" data-smobi=\"30\"><\/div>\r\n\t<div class=\"finax-accordions accordions\"><div class=\"accordion-item active-simple active\" style=\"margin-bottom:10px;\"><h3 class=\"accordion-heading transparent\" style=\"\">\r\n\t\t\t<span class=\"inner\" style=\"\">\r\n\t\t\t\tUne expertise passionn\u00e9e en qualit\u00e9 logicielle et tests sur l\u2019ensemble du cycle de vie\r\n\t\t\t<\/span>\r\n\t\t<\/h3><div class=\"accordion-content\" style=\"\"><div class=\"finax-headings clearfix\">\n<p class=\"sub-heading clearfix\" style=\"font-style: normal;\">Nous ne sommes pas seulement passionn\u00e9s par la qualit\u00e9 logicielle et les services de test ; nous sommes \u00e9galement d\u00e9vou\u00e9s \u00e0 la livraison d'applications de haute qualit\u00e9. Nous avons constitu\u00e9 une \u00e9quipe d\u00e9di\u00e9e de testeurs experts et de professionnels de l'assurance qualit\u00e9.<\/p>\n<\/div>\n<\/div><\/div><div class=\"accordion-item active-simple\" style=\"margin-bottom:10px;\"><h3 class=\"accordion-heading transparent\" style=\"\">\r\n\t\t\t<span class=\"inner\" style=\"\">\r\n\t\t\t\tR\u00e9duction du co\u00fbt et du temps n\u00e9cessaires au recrutement d\u2019employ\u00e9s permanents\r\n\t\t\t<\/span>\r\n\t\t<\/h3><div class=\"accordion-content\" style=\"\"><p>Nous r\u00e9duisons vos co\u00fbts informatiques et mettons \u00e0 votre disposition une \u00e9quipe de professionnels QA d\u00e9di\u00e9e \u00e0 votre projet, quand vous en avez besoin et selon vos besoins. Nous livrons uniquement des produits de qualit\u00e9, dans le respect des d\u00e9lais et du budget.<\/p>\n<p>&nbsp;<\/p>\n<\/div><\/div><div class=\"accordion-item active-simple\" style=\"margin-bottom:10px;\"><h3 class=\"accordion-heading transparent\" style=\"\">\r\n\t\t\t<span class=\"inner\" style=\"\">\r\n\t\t\t\t\u00c9quipe ind\u00e9pendante et d\u00e9di\u00e9e\r\n\t\t\t<\/span>\r\n\t\t<\/h3><div class=\"accordion-content\" style=\"\"><p>Nous adoptons une approche sans parti pris pour tester vos applications, ce qui permet de d\u00e9tecter davantage de bogues. Nos testeurs examinent vos applications et produits du point de vue du client.<\/p>\n<\/div><\/div><div class=\"accordion-item active-simple\" style=\"margin-bottom:10px;\"><h3 class=\"accordion-heading transparent\" style=\"\">\r\n\t\t\t<span class=\"inner\" style=\"\">\r\n\t\t\t\tOrientation client et innovation\r\n\t\t\t<\/span>\r\n\t\t<\/h3><div class=\"accordion-content\" style=\"\"><p>Nous nous attachons \u00e0 satisfaire vos utilisateurs finaux et \u00e0 favoriser l'innovation pour am\u00e9liorer vos applications et syst\u00e8mes. Nous veillons \u00e0 r\u00e9duire les d\u00e9lais de mise sur le march\u00e9 et \u00e0 vous d\u00e9marquer de la concurrence.<\/p>\n<\/div><\/div><div class=\"accordion-item active-simple\" style=\"margin-bottom:10px;\"><h3 class=\"accordion-heading transparent\" style=\"\">\r\n\t\t\t<span class=\"inner\" style=\"\">\r\n\t\t\t\tVotre marque compte. Nous livrons une qualit\u00e9 \u00e9lev\u00e9e.\r\n\t\t\t<\/span>\r\n\t\t<\/h3><div class=\"accordion-content\" style=\"\"><p>Nous croyons que votre marque et la qualit\u00e9 de vos produits comptent. C'est pourquoi nous nous concentrons sur la valorisation de votre marque dans vos livraisons logicielles, \u00e0 travers l'ensemble de nos services.<\/p>\n<\/div><\/div><\/div>\r\n\t<div class=\"finax-spacer clearfix\" data-desktop=\"130\" data-mobi=\"60\" data-smobi=\"60\"><\/div><\/div><\/div><\/div><\/div><\/div><\/section><\/div>\n<\/div>","protected":false},"excerpt":{"rendered":"Zsquare Solutions Inc. ZSI is an information technology services company focused on software testing services and solving quality challenges for our clients. We deliver high quality applications, products, and services with excellent training to delight the end users. &nbsp; QA professionals are the first class citizen to agile organizations. So","protected":false},"author":1,"featured_media":0,"parent":0,"menu_order":0,"comment_status":"closed","ping_status":"closed","template":"","meta":{"footnotes":""},"class_list":["post-1316","page","type-page","status-publish","hentry"],"yoast_head":"<!-- This site is optimized with the Yoast SEO plugin v27.2 - https:\/\/yoast.com\/product\/yoast-seo-wordpress\/ -->\n<title>About Us - ZSI - Zsquare Solutions Inc.<\/title>\n<meta name=\"robots\" content=\"index, follow, max-snippet:-1, max-image-preview:large, max-video-preview:-1\" \/>\n<link rel=\"canonical\" href=\"https:\/\/zsquaresolutionsinc.com\/fr\/about-us\/\" \/>\n<meta property=\"og:locale\" content=\"fr_FR\" \/>\n<meta property=\"og:type\" content=\"article\" \/>\n<meta property=\"og:title\" content=\"About Us - ZSI - Zsquare Solutions Inc.\" \/>\n<meta property=\"og:url\" content=\"https:\/\/zsquaresolutionsinc.com\/fr\/about-us\/\" \/>\n<meta property=\"og:site_name\" content=\"ZSI - Zsquare Solutions Inc.\" \/>\n<meta property=\"article:publisher\" content=\"https:\/\/www.facebook.com\/Zsquare-Solutions-Inc-101603384564181\/\" \/>\n<meta property=\"article:modified_time\" content=\"2023-02-27T07:20:15+00:00\" \/>\n<meta name=\"twitter:card\" content=\"summary_large_image\" \/>\n<meta name=\"twitter:site\" content=\"@zsquarei\" \/>\n<meta name=\"twitter:label1\" content=\"Dur\u00e9e de lecture estim\u00e9e\" \/>\n\t<meta name=\"twitter:data1\" content=\"2 minutes\" \/>\n<script type=\"application\/ld+json\" class=\"yoast-schema-graph\">{\"@context\":\"https:\/\/schema.org\",\"@graph\":[{\"@type\":\"WebPage\",\"@id\":\"https:\/\/zsquaresolutionsinc.com\/about-us\/\",\"url\":\"https:\/\/zsquaresolutionsinc.com\/about-us\/\",\"name\":\"About Us - ZSI - Zsquare Solutions Inc.\",\"isPartOf\":{\"@id\":\"https:\/\/zsquaresolutionsinc.com\/#website\"},\"datePublished\":\"2017-10-16T02:10:26+00:00\",\"dateModified\":\"2023-02-27T07:20:15+00:00\",\"breadcrumb\":{\"@id\":\"https:\/\/zsquaresolutionsinc.com\/about-us\/#breadcrumb\"},\"inLanguage\":\"fr-FR\",\"potentialAction\":[{\"@type\":\"ReadAction\",\"target\":[\"https:\/\/zsquaresolutionsinc.com\/about-us\/\"]}]},{\"@type\":\"BreadcrumbList\",\"@id\":\"https:\/\/zsquaresolutionsinc.com\/about-us\/#breadcrumb\",\"itemListElement\":[{\"@type\":\"ListItem\",\"position\":1,\"name\":\"Home\",\"item\":\"https:\/\/zsquaresolutionsinc.com\/\"},{\"@type\":\"ListItem\",\"position\":2,\"name\":\"About Us\"}]},{\"@type\":\"WebSite\",\"@id\":\"https:\/\/zsquaresolutionsinc.com\/#website\",\"url\":\"https:\/\/zsquaresolutionsinc.com\/\",\"name\":\"ZSI - Zsquare Solutions Inc.\",\"description\":\"\",\"publisher\":{\"@id\":\"https:\/\/zsquaresolutionsinc.com\/#organization\"},\"potentialAction\":[{\"@type\":\"SearchAction\",\"target\":{\"@type\":\"EntryPoint\",\"urlTemplate\":\"https:\/\/zsquaresolutionsinc.com\/?s={search_term_string}\"},\"query-input\":{\"@type\":\"PropertyValueSpecification\",\"valueRequired\":true,\"valueName\":\"search_term_string\"}}],\"inLanguage\":\"fr-FR\"},{\"@type\":\"Organization\",\"@id\":\"https:\/\/zsquaresolutionsinc.com\/#organization\",\"name\":\"Z Square Solutions Inc\",\"url\":\"https:\/\/zsquaresolutionsinc.com\/\",\"logo\":{\"@type\":\"ImageObject\",\"inLanguage\":\"fr-FR\",\"@id\":\"https:\/\/zsquaresolutionsinc.com\/#\/schema\/logo\/image\/\",\"url\":\"https:\/\/zsquaresolutionsinc.com\/wp-content\/uploads\/2019\/09\/logo_zsquaresolutionsinc-1.png\",\"contentUrl\":\"https:\/\/zsquaresolutionsinc.com\/wp-content\/uploads\/2019\/09\/logo_zsquaresolutionsinc-1.png\",\"width\":115,\"height\":100,\"caption\":\"Z Square Solutions Inc\"},\"image\":{\"@id\":\"https:\/\/zsquaresolutionsinc.com\/#\/schema\/logo\/image\/\"},\"sameAs\":[\"https:\/\/www.facebook.com\/Zsquare-Solutions-Inc-101603384564181\/\",\"https:\/\/x.com\/zsquarei\",\"https:\/\/www.linkedin.com\/company\/zsquaresolutionsinc\"]}]}<\/script>\n<!-- \/ Yoast SEO plugin. -->","yoast_head_json":{"title":"About Us - ZSI - Zsquare Solutions Inc.","robots":{"index":"index","follow":"follow","max-snippet":"max-snippet:-1","max-image-preview":"max-image-preview:large","max-video-preview":"max-video-preview:-1"},"canonical":"https:\/\/zsquaresolutionsinc.com\/fr\/about-us\/","og_locale":"fr_FR","og_type":"article","og_title":"About Us - ZSI - Zsquare Solutions Inc.","og_url":"https:\/\/zsquaresolutionsinc.com\/fr\/about-us\/","og_site_name":"ZSI - Zsquare Solutions Inc.","article_publisher":"https:\/\/www.facebook.com\/Zsquare-Solutions-Inc-101603384564181\/","article_modified_time":"2023-02-27T07:20:15+00:00","twitter_card":"summary_large_image","twitter_site":"@zsquarei","twitter_misc":{"Dur\u00e9e de lecture estim\u00e9e":"2 minutes"},"schema":{"@context":"https:\/\/schema.org","@graph":[{"@type":"WebPage","@id":"https:\/\/zsquaresolutionsinc.com\/about-us\/","url":"https:\/\/zsquaresolutionsinc.com\/about-us\/","name":"About Us - ZSI - Zsquare Solutions Inc.","isPartOf":{"@id":"https:\/\/zsquaresolutionsinc.com\/#website"},"datePublished":"2017-10-16T02:10:26+00:00","dateModified":"2023-02-27T07:20:15+00:00","breadcrumb":{"@id":"https:\/\/zsquaresolutionsinc.com\/about-us\/#breadcrumb"},"inLanguage":"fr-FR","potentialAction":[{"@type":"ReadAction","target":["https:\/\/zsquaresolutionsinc.com\/about-us\/"]}]},{"@type":"BreadcrumbList","@id":"https:\/\/zsquaresolutionsinc.com\/about-us\/#breadcrumb","itemListElement":[{"@type":"ListItem","position":1,"name":"Home","item":"https:\/\/zsquaresolutionsinc.com\/"},{"@type":"ListItem","position":2,"name":"About Us"}]},{"@type":"WebSite","@id":"https:\/\/zsquaresolutionsinc.com\/#website","url":"https:\/\/zsquaresolutionsinc.com\/","name":"ZSI - Zsquare Solutions Inc.","description":"","publisher":{"@id":"https:\/\/zsquaresolutionsinc.com\/#organization"},"potentialAction":[{"@type":"SearchAction","target":{"@type":"EntryPoint","urlTemplate":"https:\/\/zsquaresolutionsinc.com\/?s={search_term_string}"},"query-input":{"@type":"PropertyValueSpecification","valueRequired":true,"valueName":"search_term_string"}}],"inLanguage":"fr-FR"},{"@type":"Organization","@id":"https:\/\/zsquaresolutionsinc.com\/#organization","name":"Z Square Solutions Inc","url":"https:\/\/zsquaresolutionsinc.com\/","logo":{"@type":"ImageObject","inLanguage":"fr-FR","@id":"https:\/\/zsquaresolutionsinc.com\/#\/schema\/logo\/image\/","url":"https:\/\/zsquaresolutionsinc.com\/wp-content\/uploads\/2019\/09\/logo_zsquaresolutionsinc-1.png","contentUrl":"https:\/\/zsquaresolutionsinc.com\/wp-content\/uploads\/2019\/09\/logo_zsquaresolutionsinc-1.png","width":115,"height":100,"caption":"Z Square Solutions Inc"},"image":{"@id":"https:\/\/zsquaresolutionsinc.com\/#\/schema\/logo\/image\/"},"sameAs":["https:\/\/www.facebook.com\/Zsquare-Solutions-Inc-101603384564181\/","https:\/\/x.com\/zsquarei","https:\/\/www.linkedin.com\/company\/zsquaresolutionsinc"]}]}},"_links":{"self":[{"href":"https:\/\/zsquaresolutionsinc.com\/fr\/wp-json\/wp\/v2\/pages\/1316","targetHints":{"allow":["GET"]}}],"collection":[{"href":"https:\/\/zsquaresolutionsinc.com\/fr\/wp-json\/wp\/v2\/pages"}],"about":[{"href":"https:\/\/zsquaresolutionsinc.com\/fr\/wp-json\/wp\/v2\/types\/page"}],"author":[{"embeddable":true,"href":"https:\/\/zsquaresolutionsinc.com\/fr\/wp-json\/wp\/v2\/users\/1"}],"replies":[{"embeddable":true,"href":"https:\/\/zsquaresolutionsinc.com\/fr\/wp-json\/wp\/v2\/comments?post=1316"}],"version-history":[{"count":21,"href":"https:\/\/zsquaresolutionsinc.com\/fr\/wp-json\/wp\/v2\/pages\/1316\/revisions"}],"predecessor-version":[{"id":6541,"href":"https:\/\/zsquaresolutionsinc.com\/fr\/wp-json\/wp\/v2\/pages\/1316\/revisions\/6541"}],"wp:attachment":[{"href":"https:\/\/zsquaresolutionsinc.com\/fr\/wp-json\/wp\/v2\/media?parent=1316"}],"curies":[{"name":"wp","href":"https:\/\/api.w.org\/{rel}","templated":true}]}}