{"id":1326,"date":"2017-10-16T13:06:09","date_gmt":"2017-10-16T11:06:09","guid":{"rendered":"http:\/\/ninzio.com\/finax\/?page_id=1326"},"modified":"2023-03-08T08:01:00","modified_gmt":"2023-03-08T07:01:00","slug":"services","status":"publish","type":"page","link":"https:\/\/zsquaresolutionsinc.com\/fr\/services\/","title":{"rendered":"Services"},"content":{"rendered":"<div class=\"wpb-content-wrapper\"><div class=\"vc-custom-col-spacing clearfix vc-col-spacing-30\"><section class=\"wpb_row vc_row-fluid\"><div class=\"finax-container\"><div class=\"row-inner clearfix\"><div class=\"wpb_column vc_column_container vc_col-sm-12\"><div class=\"vc_column-inner\"><div class=\"wpb_wrapper\">\r\n\t<div class=\"finax-spacer clearfix\" data-desktop=\"105\" data-mobi=\"40\" data-smobi=\"40\"><\/div><div class=\"finax-headings clearfix text-center\" data-font=\"42\" style=\"\"><p class=\"sub-heading clearfix\" style=\"font-style:normal;max-width:760px;margin-left: auto; margin-right: auto;\">\r\n\t\tNous sommes passionn\u00e9s par la livraison d'applications de haute qualit\u00e9, obs\u00e9d\u00e9s par la satisfaction de vos utilisateurs finaux et engag\u00e9s envers l'excellence qualit\u00e9 pour une livraison continue gr\u00e2ce \u00e0 nos services g\u00e9r\u00e9s d'assurance qualit\u00e9.\r\n\t<\/p><\/div>\r\n\t<div class=\"finax-spacer clearfix\" data-desktop=\"75\" data-mobi=\"15\" data-smobi=\"15\"><\/div><div class=\"finax-image-box clearfix\" style=\"\" >\r\n        <div class=\"item\">\r\n            <div class=\"inner\" style=\"background-color: #f7f7f7;\">\r\n                \r\n                <div class=\"text-wrap\" style=\"\">\r\n                    <h3 class=\"title\" style=\"font-size:22px;\">\r\n        <a target=\"_blank\" href=\"\">A. Conseil en assurance qualit\u00e9 et tests<\/a>\r\n    <\/h3> <div class=\"clearfix\"><\/div><div class=\"sep\" style=\"width:100%;height:2px;background-color:#f08000;\"><\/div> <div class=\"desc\" style=\"\">\u2022 R\u00e9aliser un audit initial de d\u00e9couverte de l'assurance qualit\u00e9 logicielle<br \/>\n\u2022 \u00c9valuer la livraison et la qualit\u00e9 actuelles des projets<br \/>\n\u2022 \u00c9valuer votre niveau de qualit\u00e9 de livraison<br \/>\n\u2022 Examiner et r\u00e9pondre aux appels d'offres, demandes de propositions ou exigences qualit\u00e9 des contrats gouvernementaux<br \/>\n\u2022 Partenariat avec des fournisseurs ou contractants pour l'\u00e9valuation de l'assurance qualit\u00e9 logicielle<br \/>\n\u2022 Fournir une \u00e9valuation mesurable de l'exhaustivit\u00e9 de la qualit\u00e9 tout au long du processus de d\u00e9veloppement \u00e0 l'aide de m\u00e9triques KPI qualit\u00e9<br \/>\n\u2022 Fournir une \u00e9valuation qualit\u00e9 approfondie et une grille de notation pour d\u00e9terminer le niveau de maturit\u00e9 des tests<br \/>\n\u2022 Assurer une due diligence technologique avec une \u00e9valuation \u00e0 360\u00b0 de vos collaborateurs, processus et produits<br \/>\n\u2022 Examiner et comparer vos outils, technologies et \u00e9quipes pour prot\u00e9ger ou pr\u00e9parer votre startup \u00e0 une acquisition<\/div> \r\n                <\/div>\r\n            <\/div>\r\n        <\/div>\r\n    <\/div>\r\n\t<div class=\"finax-spacer clearfix\" data-desktop=\"40\" data-mobi=\"20\" data-smobi=\"20\"><\/div><div class=\"finax-image-box clearfix\" style=\"\" >\r\n        <div class=\"item\">\r\n            <div class=\"inner\" style=\"background-color: #f7f7f7;\">\r\n                \r\n                <div class=\"text-wrap\" style=\"\">\r\n                    <h3 class=\"title\" style=\"font-size:22px;\">\r\n        <a target=\"_blank\" href=\"\">B. Services g\u00e9r\u00e9s d'assurance qualit\u00e9 logicielle<\/a>\r\n    <\/h3> <div class=\"clearfix\"><\/div><div class=\"sep\" style=\"width:100%;height:2px;background-color:#f08000;\"><\/div> <div class=\"desc\" style=\"\">\u2022 \u00c9laborer une vision qualit\u00e9 \u00e0 long terme et une feuille de route convaincantes, et fixer des objectifs \u00e0 atteindre<br \/>\n\u2022 Moderniser votre assurance qualit\u00e9 et apporter la plus haute qualit\u00e9 \u00e0 vos applications et besoins m\u00e9tiers tout en satisfaisant vos clients<br \/>\n\u2022 Garantir une pr\u00e9cision \u00e0 100 % dans l'identification de tout bogue logiciel avant le d\u00e9ploiement en production, ainsi que lors des tests d'int\u00e9gration syst\u00e8me avant les tests d'acceptation utilisateur<br \/>\n\u2022 Fournir des outils am\u00e9lior\u00e9s dans les domaines de la gestion des tests, de l'ex\u00e9cution et de la journalisation des tests, de l'automatisation des tests, des performances syst\u00e8me, du reporting et de la surveillance<br \/>\n\u2022 Utiliser l'automatisation de pointe des t\u00e2ches r\u00e9p\u00e9titives telles que les tests de r\u00e9gression pour g\u00e9n\u00e9rer des efficacit\u00e9s op\u00e9rationnelles et des am\u00e9liorations de performance<br \/>\n\u2022 Appliquer des normes d'assurance qualit\u00e9 rigoureuses<br \/>\n\u2022 Mettre en place une strat\u00e9gie de test plus robuste plus t\u00f4t dans le processus, en faisant participer votre \u00e9quipe QA aux diff\u00e9rentes sessions d'exigences et de conception<br \/>\n\u2022 Collaborer avec l'\u00e9quipe de d\u00e9veloppement pour d\u00e9finir les besoins en tests et b\u00e2tir une discipline solide d'ing\u00e9nierie qualit\u00e9 afin de soutenir les besoins en outils qualit\u00e9 et en automatisation pour vos projets<br \/>\n\u2022 Promouvoir le d\u00e9veloppement et l'adoption de processus de test reproductibles et de bonnes pratiques, y compris en partenariat avec l'\u00e9quipe de conception pour favoriser une culture ax\u00e9e sur les playtests<br \/>\n\u2022 Piloter l'identification, l'essai et l'adoption de nouveaux outils et techniques am\u00e9liorant l'efficacit\u00e9 et rationalisant les efforts de test<br \/>\n\u2022 Penser et agir strat\u00e9giquement tout en d\u00e9passant les limites du cadre traditionnel pour faire \u00e9voluer votre organisation et vos processus<br \/>\n\u2022 D\u00e9velopper une vision strat\u00e9gique pour l'automatisation et mesurer le ROI de sa mise en \u0153uvre<br \/>\n\u2022 Faire gagner du temps \u00e0 l'organisation gr\u00e2ce \u00e0 la mise en \u0153uvre de l'automatisation des tests<br \/>\n\u2022 Promouvoir des processus QA efficaces \u00e0 toutes les phases de livraison, y compris les \u00e9tats pr\u00e9 et post-livraison<br \/>\n\u2022 Assumer la responsabilit\u00e9 de garantir la qualit\u00e9 au sein de vos \u00e9quipes, produits et services<br \/>\n\u2022 \u00catre la voix impartiale de l'\u00e9quipe QA aupr\u00e8s des dirigeants de l'entreprise, d\u00e9fendre les besoins de l'\u00e9quipe et servir de lien entre les autres d\u00e9partements<br \/>\n\u2022 D\u00e9ployer et g\u00e9rer des outils d'automatisation de la qualit\u00e9 logicielle bas\u00e9s sur le cloud<br \/>\n\u2022 Livrer des applications d'entreprise SaaS de haute qualit\u00e9 dans les d\u00e9lais, garantis par notre fiabilit\u00e9 \u00e9prouv\u00e9e<br \/>\n\u2022 Fournir des rapports pr\u00e9cis sur les mesures d'assurance qualit\u00e9<br \/>\n\u2022 Publier des rapports mensuels sur les indicateurs KPI relatifs \u00e0 l'assurance qualit\u00e9<br \/>\n\u2022 Concevoir et mettre en \u0153uvre un syst\u00e8me de notation standard des \u00e9quipes d'assurance qualit\u00e9 pour faciliter les \u00e9changes et les am\u00e9liorations continues<br \/>\n\u2022 \u00c9tablir une pratique et un cadre technologique QA uniques et reproductibles<br \/>\n\u2022 Tester les introductions de processus d'assurance qualit\u00e9<br \/>\n\u2022 Assurer la supervision et l'orientation de la strat\u00e9gie, des processus et des plateformes QA<br \/>\n\u2022 D\u00e9finir la strat\u00e9gie d'automatisation des tests<br \/>\n\u2022 Assurer le refactoring et les tests unitaires<br \/>\n\u2022 Fournir une feuille de route pour la mise en \u0153uvre de l'automatisation des tests<br \/>\n\u2022 D\u00e9finir le ROI de l'automatisation des tests<\/div> \r\n                <\/div>\r\n            <\/div>\r\n        <\/div>\r\n    <\/div>\r\n\t<div class=\"finax-spacer clearfix\" data-desktop=\"40\" data-mobi=\"20\" data-smobi=\"20\"><\/div><div class=\"finax-image-box clearfix\" style=\"\" >\r\n        <div class=\"item\">\r\n            <div class=\"inner\" style=\"background-color: #f7f7f7;\">\r\n                \r\n                <div class=\"text-wrap\" style=\"\">\r\n                    <h3 class=\"title\" style=\"font-size:22px;\">\r\n        <a target=\"_blank\" href=\"\">C. Formation des utilisateurs et documentation<\/a>\r\n    <\/h3> <div class=\"clearfix\"><\/div><div class=\"sep\" style=\"width:100%;height:2px;background-color:#f08000;\"><\/div> <div class=\"desc\" style=\"\">\u2022 Grande capacit\u00e9 \u00e0 distiller des sujets complexes en pr\u00e9sentations compr\u00e9hensibles pour divers publics, car la narration est d'une importance capitale<br \/>\n\u2022 Offrir une excellente formation pour les applications sur mesure ou pr\u00eates \u00e0 l'emploi<br \/>\n\u2022 Examiner les applications et assurer la formation des utilisateurs finaux<br \/>\n\u2022 S'assurer que vos clients et utilisateurs sont satisfaits de vos produits et services<br \/>\n\u2022 Exploiter l'\u00e9quipe QA pour contribuer aux retours qualitatifs et \u00e0 l'articulation de l'exp\u00e9rience utilisateur afin de cr\u00e9er une boucle de r\u00e9troaction \u00e0 360\u00b0<br \/>\n\u2022 Fournir la documentation technique de toutes les applications et syst\u00e8mes<br \/>\n\u2022 Cr\u00e9er et pr\u00e9senter du mat\u00e9riel p\u00e9dagogique relatif \u00e0 l'assurance qualit\u00e9<\/div> \r\n                <\/div>\r\n            <\/div>\r\n        <\/div>\r\n    <\/div>\r\n\t<div class=\"finax-spacer clearfix\" data-desktop=\"40\" data-mobi=\"20\" data-smobi=\"20\"><\/div><div class=\"finax-image-box clearfix\" style=\"\" >\r\n        <div class=\"item\">\r\n            <div class=\"inner\" style=\"background-color: #f7f7f7;\">\r\n                \r\n                <div class=\"text-wrap\" style=\"\">\r\n                    <h3 class=\"title\" style=\"font-size:22px;\">\r\n        <a target=\"_blank\" href=\"\">D. Conseil en transformation Agile<\/a>\r\n    <\/h3> <div class=\"clearfix\"><\/div><div class=\"sep\" style=\"width:100%;height:2px;background-color:#f08000;\"><\/div> <div class=\"desc\" style=\"\">\u2022 Promouvoir l'\u00e9tat d'esprit et les principes Agiles aupr\u00e8s des \u00e9quipes et de la direction de l'organisation ; cela inclut le soutien \u00e0 une vision et une approche Agile existantes, ainsi que le coaching des \u00e9quipes de livraison Agiles et des leaders sur les principes et pratiques Agiles<br \/>\n\u2022 Immerger l'\u00e9quipe dans les m\u00e9thodologies et outils SCRUM, et adh\u00e9rer au processus Agile ; cela inclut le suivi des burndowns et de la v\u00e9locit\u00e9 d'\u00e9quipe pour d\u00e9tecter les probl\u00e8mes, ainsi que la correction de cap si n\u00e9cessaire pour aider les \u00e9quipes \u00e0 r\u00e9ussir<br \/>\n\u2022 Identifier et promouvoir les meilleures pratiques Agile et DevOps en partenariat avec les responsables Production et D\u00e9veloppement<br \/>\n\u2022 D\u00e9velopper les meilleures pratiques pour surveiller les retours de la communaut\u00e9, les rapports du service client et les donn\u00e9es internes afin d'identifier les probl\u00e8mes critiques<br \/>\n\u2022 D\u00e9velopper et promouvoir une culture forte ax\u00e9e sur la qualit\u00e9, encourageant les retours qualitatifs et l'adoption pr\u00e9coce des pratiques de d\u00e9veloppement pilot\u00e9 par les tests (TDD) et DevOps<br \/>\n\u2022 Se concentrer sur l'am\u00e9lioration continue et les r\u00e9sultats mesurables<br \/>\n\u2022 Instaurer un cadre de coaching, de mentorat et de formation pour le d\u00e9veloppement continu des comp\u00e9tences des membres du d\u00e9partement<br \/>\n\u2022 Ex\u00e9cuter la strat\u00e9gie et les pratiques qualit\u00e9 Agile<\/div> \r\n                <\/div>\r\n            <\/div>\r\n        <\/div>\r\n    <\/div>\r\n\t<div class=\"finax-spacer clearfix\" data-desktop=\"40\" data-mobi=\"20\" data-smobi=\"20\"><\/div><div class=\"finax-image-box clearfix\" style=\"\" >\r\n        <div class=\"item\">\r\n            <div class=\"inner\" style=\"background-color: #f7f7f7;\">\r\n                \r\n                <div class=\"text-wrap\" style=\"\">\r\n                    <h3 class=\"title\" style=\"font-size:22px;\">\r\n        <a target=\"_blank\" href=\"\">E. Renforcement d'\u00e9quipe, recrutement et chasse de talents<\/a>\r\n    <\/h3> <div class=\"clearfix\"><\/div><div class=\"sep\" style=\"width:100%;height:2px;background-color:#f08000;\"><\/div> <div class=\"desc\" style=\"\">\u2022 Reconnu comme coach et aimant \u00e0 talents en assurance qualit\u00e9<br \/>\n\u2022 Exp\u00e9rience approfondie dans la constitution et la direction de grandes \u00e9quipes, le coaching de managers et le d\u00e9veloppement des collaborateurs<br \/>\n\u2022 Ant\u00e9c\u00e9dents av\u00e9r\u00e9s dans le recrutement d'\u00e9quipes QA talentueuses et diversifi\u00e9es. Nos applications sont r\u00e9put\u00e9es pour atteindre un public diversifi\u00e9<br \/>\n\u2022 Exp\u00e9rience av\u00e9r\u00e9e dans la direction d'\u00e9quipes de professionnels de l'assurance qualit\u00e9 hautement disciplin\u00e9s sur plusieurs sites<br \/>\n\u2022 Recruter des ressources exp\u00e9riment\u00e9es en assurance qualit\u00e9 logicielle poss\u00e9dant une connaissance pertinente des tests logiciels et apportant une contribution significative et des innovations au processus de test<br \/>\n\u2022 Identifier et recruter des talents en test \u00e0 tous les niveaux et superviser l'int\u00e9gration des nouveaux membres de l'\u00e9quipe<br \/>\n\u2022 Exp\u00e9rience approfondie dans la direction d'\u00e9quipes qualit\u00e9 diversifi\u00e9es et le d\u00e9veloppement de technologies et d'outils dans une entreprise en croissance rapide<br \/>\n\u2022 Ant\u00e9c\u00e9dents d'\u00e9quipes inclusives o\u00f9 les personnes ont \u00e9t\u00e9 habilit\u00e9es \u00e0 travailler dur. L'\u00e9quipe doit ressembler \u00e0 la base d'utilisateurs<br \/>\n\u2022 Coordonner et diriger des agents d'assurance qualit\u00e9 externalis\u00e9s et garantir des tests et des rapports efficaces et approfondis<br \/>\n\u2022 Rationaliser les pratiques QA pour permettre une utilisation efficace des ressources QA internes et externes afin de soutenir la mise \u00e0 l'\u00e9chelle<br \/>\n\u2022 Accent mis sur le recrutement et le d\u00e9veloppement de talents exceptionnels - contractants sur site et ressources offshore rentables<br \/>\n\u2022 Fournir un leadership int\u00e9rimaire et travailler avec votre direction pour pourvoir un poste vacant<\/div> \r\n                <\/div>\r\n            <\/div>\r\n        <\/div>\r\n    <\/div>\r\n\t<div class=\"finax-spacer clearfix\" data-desktop=\"110\" data-mobi=\"30\" data-smobi=\"40\"><\/div><\/div><\/div><\/div><\/div><\/div><\/section><\/div>\n<\/div>","protected":false},"excerpt":{"rendered":"We are passionate about delivering high-quality applications, obsessed about delighting your end-users and committed to quality excellence for continuous delivery through our managed QA services. A. Quality Assurance and Testing Consultancy \u2022 Provide Initial Software QA assessment discovery \u2022 Assess current project delivery and quality \u2022 Assess your delivery quality","protected":false},"author":1,"featured_media":0,"parent":0,"menu_order":0,"comment_status":"closed","ping_status":"closed","template":"","meta":{"footnotes":""},"class_list":["post-1326","page","type-page","status-publish","hentry"],"yoast_head":"<!-- This site is optimized with the Yoast SEO plugin v27.2 - https:\/\/yoast.com\/product\/yoast-seo-wordpress\/ -->\n<title>Services - ZSI - Zsquare Solutions Inc.<\/title>\n<meta name=\"description\" content=\"We are passionate about delivering high-quality applications and obsessed about delighting your end-users through our managed QA services.\" \/>\n<meta name=\"robots\" content=\"index, follow, max-snippet:-1, max-image-preview:large, max-video-preview:-1\" \/>\n<link rel=\"canonical\" href=\"https:\/\/zsquaresolutionsinc.com\/fr\/services\/\" \/>\n<meta property=\"og:locale\" content=\"fr_FR\" \/>\n<meta property=\"og:type\" content=\"article\" \/>\n<meta property=\"og:title\" content=\"Services - ZSI - Zsquare Solutions Inc.\" \/>\n<meta property=\"og:description\" content=\"We are passionate about delivering high-quality applications and obsessed about delighting your end-users through our managed QA services.\" \/>\n<meta property=\"og:url\" content=\"https:\/\/zsquaresolutionsinc.com\/fr\/services\/\" \/>\n<meta property=\"og:site_name\" content=\"ZSI - Zsquare Solutions Inc.\" \/>\n<meta property=\"article:publisher\" content=\"https:\/\/www.facebook.com\/Zsquare-Solutions-Inc-101603384564181\/\" \/>\n<meta property=\"article:modified_time\" content=\"2023-03-08T07:01:00+00:00\" \/>\n<meta name=\"twitter:card\" content=\"summary_large_image\" \/>\n<meta name=\"twitter:site\" content=\"@zsquarei\" \/>\n<meta name=\"twitter:label1\" content=\"Dur\u00e9e de lecture estim\u00e9e\" \/>\n\t<meta name=\"twitter:data1\" content=\"6 minutes\" \/>\n<script type=\"application\/ld+json\" class=\"yoast-schema-graph\">{\"@context\":\"https:\/\/schema.org\",\"@graph\":[{\"@type\":\"WebPage\",\"@id\":\"https:\/\/zsquaresolutionsinc.com\/services\/\",\"url\":\"https:\/\/zsquaresolutionsinc.com\/services\/\",\"name\":\"Services - ZSI - Zsquare Solutions Inc.\",\"isPartOf\":{\"@id\":\"https:\/\/zsquaresolutionsinc.com\/#website\"},\"datePublished\":\"2017-10-16T11:06:09+00:00\",\"dateModified\":\"2023-03-08T07:01:00+00:00\",\"description\":\"We are passionate about delivering high-quality applications and obsessed about delighting your end-users through our managed QA services.\",\"breadcrumb\":{\"@id\":\"https:\/\/zsquaresolutionsinc.com\/services\/#breadcrumb\"},\"inLanguage\":\"fr-FR\",\"potentialAction\":[{\"@type\":\"ReadAction\",\"target\":[\"https:\/\/zsquaresolutionsinc.com\/services\/\"]}]},{\"@type\":\"BreadcrumbList\",\"@id\":\"https:\/\/zsquaresolutionsinc.com\/services\/#breadcrumb\",\"itemListElement\":[{\"@type\":\"ListItem\",\"position\":1,\"name\":\"Home\",\"item\":\"https:\/\/zsquaresolutionsinc.com\/\"},{\"@type\":\"ListItem\",\"position\":2,\"name\":\"Services\"}]},{\"@type\":\"WebSite\",\"@id\":\"https:\/\/zsquaresolutionsinc.com\/#website\",\"url\":\"https:\/\/zsquaresolutionsinc.com\/\",\"name\":\"ZSI - Zsquare Solutions Inc.\",\"description\":\"\",\"publisher\":{\"@id\":\"https:\/\/zsquaresolutionsinc.com\/#organization\"},\"potentialAction\":[{\"@type\":\"SearchAction\",\"target\":{\"@type\":\"EntryPoint\",\"urlTemplate\":\"https:\/\/zsquaresolutionsinc.com\/?s={search_term_string}\"},\"query-input\":{\"@type\":\"PropertyValueSpecification\",\"valueRequired\":true,\"valueName\":\"search_term_string\"}}],\"inLanguage\":\"fr-FR\"},{\"@type\":\"Organization\",\"@id\":\"https:\/\/zsquaresolutionsinc.com\/#organization\",\"name\":\"Z Square Solutions Inc\",\"url\":\"https:\/\/zsquaresolutionsinc.com\/\",\"logo\":{\"@type\":\"ImageObject\",\"inLanguage\":\"fr-FR\",\"@id\":\"https:\/\/zsquaresolutionsinc.com\/#\/schema\/logo\/image\/\",\"url\":\"https:\/\/zsquaresolutionsinc.com\/wp-content\/uploads\/2019\/09\/logo_zsquaresolutionsinc-1.png\",\"contentUrl\":\"https:\/\/zsquaresolutionsinc.com\/wp-content\/uploads\/2019\/09\/logo_zsquaresolutionsinc-1.png\",\"width\":115,\"height\":100,\"caption\":\"Z Square Solutions Inc\"},\"image\":{\"@id\":\"https:\/\/zsquaresolutionsinc.com\/#\/schema\/logo\/image\/\"},\"sameAs\":[\"https:\/\/www.facebook.com\/Zsquare-Solutions-Inc-101603384564181\/\",\"https:\/\/x.com\/zsquarei\",\"https:\/\/www.linkedin.com\/company\/zsquaresolutionsinc\"]}]}<\/script>\n<!-- \/ Yoast SEO plugin. -->","yoast_head_json":{"title":"Services - ZSI - Zsquare Solutions Inc.","description":"We are passionate about delivering high-quality applications and obsessed about delighting your end-users through our managed QA services.","robots":{"index":"index","follow":"follow","max-snippet":"max-snippet:-1","max-image-preview":"max-image-preview:large","max-video-preview":"max-video-preview:-1"},"canonical":"https:\/\/zsquaresolutionsinc.com\/fr\/services\/","og_locale":"fr_FR","og_type":"article","og_title":"Services - ZSI - Zsquare Solutions Inc.","og_description":"We are passionate about delivering high-quality applications and obsessed about delighting your end-users through our managed QA services.","og_url":"https:\/\/zsquaresolutionsinc.com\/fr\/services\/","og_site_name":"ZSI - Zsquare Solutions Inc.","article_publisher":"https:\/\/www.facebook.com\/Zsquare-Solutions-Inc-101603384564181\/","article_modified_time":"2023-03-08T07:01:00+00:00","twitter_card":"summary_large_image","twitter_site":"@zsquarei","twitter_misc":{"Dur\u00e9e de lecture estim\u00e9e":"6 minutes"},"schema":{"@context":"https:\/\/schema.org","@graph":[{"@type":"WebPage","@id":"https:\/\/zsquaresolutionsinc.com\/services\/","url":"https:\/\/zsquaresolutionsinc.com\/services\/","name":"Services - ZSI - Zsquare Solutions Inc.","isPartOf":{"@id":"https:\/\/zsquaresolutionsinc.com\/#website"},"datePublished":"2017-10-16T11:06:09+00:00","dateModified":"2023-03-08T07:01:00+00:00","description":"We are passionate about delivering high-quality applications and obsessed about delighting your end-users through our managed QA services.","breadcrumb":{"@id":"https:\/\/zsquaresolutionsinc.com\/services\/#breadcrumb"},"inLanguage":"fr-FR","potentialAction":[{"@type":"ReadAction","target":["https:\/\/zsquaresolutionsinc.com\/services\/"]}]},{"@type":"BreadcrumbList","@id":"https:\/\/zsquaresolutionsinc.com\/services\/#breadcrumb","itemListElement":[{"@type":"ListItem","position":1,"name":"Home","item":"https:\/\/zsquaresolutionsinc.com\/"},{"@type":"ListItem","position":2,"name":"Services"}]},{"@type":"WebSite","@id":"https:\/\/zsquaresolutionsinc.com\/#website","url":"https:\/\/zsquaresolutionsinc.com\/","name":"ZSI - Zsquare Solutions Inc.","description":"","publisher":{"@id":"https:\/\/zsquaresolutionsinc.com\/#organization"},"potentialAction":[{"@type":"SearchAction","target":{"@type":"EntryPoint","urlTemplate":"https:\/\/zsquaresolutionsinc.com\/?s={search_term_string}"},"query-input":{"@type":"PropertyValueSpecification","valueRequired":true,"valueName":"search_term_string"}}],"inLanguage":"fr-FR"},{"@type":"Organization","@id":"https:\/\/zsquaresolutionsinc.com\/#organization","name":"Z Square Solutions Inc","url":"https:\/\/zsquaresolutionsinc.com\/","logo":{"@type":"ImageObject","inLanguage":"fr-FR","@id":"https:\/\/zsquaresolutionsinc.com\/#\/schema\/logo\/image\/","url":"https:\/\/zsquaresolutionsinc.com\/wp-content\/uploads\/2019\/09\/logo_zsquaresolutionsinc-1.png","contentUrl":"https:\/\/zsquaresolutionsinc.com\/wp-content\/uploads\/2019\/09\/logo_zsquaresolutionsinc-1.png","width":115,"height":100,"caption":"Z Square Solutions Inc"},"image":{"@id":"https:\/\/zsquaresolutionsinc.com\/#\/schema\/logo\/image\/"},"sameAs":["https:\/\/www.facebook.com\/Zsquare-Solutions-Inc-101603384564181\/","https:\/\/x.com\/zsquarei","https:\/\/www.linkedin.com\/company\/zsquaresolutionsinc"]}]}},"_links":{"self":[{"href":"https:\/\/zsquaresolutionsinc.com\/fr\/wp-json\/wp\/v2\/pages\/1326","targetHints":{"allow":["GET"]}}],"collection":[{"href":"https:\/\/zsquaresolutionsinc.com\/fr\/wp-json\/wp\/v2\/pages"}],"about":[{"href":"https:\/\/zsquaresolutionsinc.com\/fr\/wp-json\/wp\/v2\/types\/page"}],"author":[{"embeddable":true,"href":"https:\/\/zsquaresolutionsinc.com\/fr\/wp-json\/wp\/v2\/users\/1"}],"replies":[{"embeddable":true,"href":"https:\/\/zsquaresolutionsinc.com\/fr\/wp-json\/wp\/v2\/comments?post=1326"}],"version-history":[{"count":48,"href":"https:\/\/zsquaresolutionsinc.com\/fr\/wp-json\/wp\/v2\/pages\/1326\/revisions"}],"predecessor-version":[{"id":6580,"href":"https:\/\/zsquaresolutionsinc.com\/fr\/wp-json\/wp\/v2\/pages\/1326\/revisions\/6580"}],"wp:attachment":[{"href":"https:\/\/zsquaresolutionsinc.com\/fr\/wp-json\/wp\/v2\/media?parent=1326"}],"curies":[{"name":"wp","href":"https:\/\/api.w.org\/{rel}","templated":true}]}}