{"id":232,"date":"2017-09-13T07:23:28","date_gmt":"2017-09-13T05:23:28","guid":{"rendered":"http:\/\/ninzio.com\/finax\/?page_id=232"},"modified":"2023-03-07T19:27:57","modified_gmt":"2023-03-07T18:27:57","slug":"team","status":"publish","type":"page","link":"https:\/\/zsquaresolutionsinc.com\/fr\/team\/","title":{"rendered":"\u00c9quipe"},"content":{"rendered":"<div class=\"wpb-content-wrapper\"><div class=\"vc-custom-col-spacing clearfix vc-col-spacing-0px\"><section class=\"wpb_row vc_row-fluid vc_custom_1567877901848 vc_row-has-fill col-aside-img no-padding\"><div class=\"image-container img-simple vc_col-sm-6 aside-left\"><div class=\"background-image\" style=\"background-image: url(https:\/\/zsquaresolutionsinc.com\/wp-content\/uploads\/2019\/09\/section_img1.jpg);\"><\/div><\/div><div class=\"row-inner clearfix\"><div class=\"wpb_column vc_column_container vc_col-sm-6\"><div class=\"vc_column-inner\"><div class=\"wpb_wrapper\"><\/div><\/div><\/div><div class=\"wpb_column vc_column_container vc_col-sm-6\"><div class=\"vc_column-inner\"><div class=\"wpb_wrapper\"><div class=\"finax-content-box clearfix\" data-padding=\"0px 15% 0px 15%\" data-mobipadding=\"0px 10% 0px 10%\" data-margin=\"\" data-mobimargin=\"\" >\r\n\t\t<div class=\"inner ctb-2032645676\" style=\"\"  data-background=\"\">\r\n\t\t\t\r\n\t<div class=\"finax-spacer clearfix\" data-desktop=\"120\" data-mobi=\"60\" data-smobi=\"60\"><\/div>\n\t<div class=\"wpb_text_column wpb_content_element\" >\n\t\t<div class=\"wpb_wrapper\">\n\t\t\t<ul>\n<li>A introduit Scrum chez EquityMetrix en 2015 et \u00e0 l'American Heart Association en 2017.<\/li>\n<li>A coach\u00e9 des \u00e9quipes chez EquityMetrix et \u00e0 l'American Heart Association (pratiques Agiles, r\u00e9unions audit\u00e9es, questions pos\u00e9es \u00e0 la direction).<\/li>\n<li>A anim\u00e9 des tutoriels sur les pratiques DevOps et le d\u00e9veloppement pilot\u00e9 par les tests (TDD) chez EquityMetrix et \u00e0 l'American Heart Association.<\/li>\n<li>A coach\u00e9 le d\u00e9veloppement pilot\u00e9 par les tests avec plusieurs d\u00e9veloppeurs et testeurs chez Blackhawk et \u00e0 l'American Heart Association.<\/li>\n<li><span>A initi\u00e9 l'am\u00e9lioration des processus chez Nortel, Yahoo!, Equity Metrix et l'American Heart Association, incluant les tests unitaires et l'inspection de code.<\/span><\/li>\n<li>A \u00e9crit et pr\u00e9sent\u00e9 \u00ab\u202fAgile Methodologies: Introduction to Scrum\u202f\u00bb, une pr\u00e9sentation d'une heure d\u00e9crivant les m\u00e9thodologies Agiles et Scrum.<\/li>\n<li>Expert en Scrum et en pratiques d'ing\u00e9nierie Agile.<\/li>\n<li>Conf\u00e9rencier exp\u00e9riment\u00e9 avec une vaste formation et pratique en prise de parole en public en tant que Distinguished Toastmaster. Le prix Distinguished Toastmaster (DTM) repr\u00e9sente le plus haut niveau de r\u00e9alisation \u00e9ducative chez Toastmasters. Le DTM reconna\u00eet un niveau sup\u00e9rieur de r\u00e9alisation en communication et en leadership \u2013 seulement 1 % des Toastmasters d\u00e9tiennent cette haute distinction.<\/li>\n<li>L'exp\u00e9rience technique inclut le test, le d\u00e9pannage et la livraison de nombreuses applications en C\/C++\/Java et .NET<\/li>\n<li>CSM : Certified ScrumMaster depuis mai 2013<\/li>\n<li><span>CSP : Certified Scrum Professional depuis f\u00e9vrier 2018<\/span><\/li>\n<li>CAL-I : Certified Agile Leader I depuis avril 2020<\/li>\n<li>Certifi\u00e9 SAFe<span>\u00ae 5.0 Agilist<\/span><\/li>\n<li><span>Formation en coaching pour postuler au titre de Certified Scrum Team Coach (CTC) en 2020<\/span><\/li>\n<\/ul>\n\n\t\t<\/div>\n\t<\/div>\n\r\n\t<div class=\"finax-spacer clearfix\" data-desktop=\"120\" data-mobi=\"60\" data-smobi=\"60\"><\/div>\r\n\t\t<\/div>\r\n\t<\/div><\/div><\/div><\/div><\/div><\/section><\/div><div class=\"vc-custom-col-spacing clearfix vc-col-spacing-30\"><section class=\"wpb_row vc_row-fluid\"><div class=\"finax-container\"><div class=\"row-inner clearfix\"><div class=\"wpb_column vc_column_container vc_col-sm-12\"><div class=\"vc_column-inner\"><div class=\"wpb_wrapper\">\r\n\t<div class=\"finax-spacer clearfix\" data-desktop=\"100\" data-mobi=\"60\" data-smobi=\"60\"><\/div>\r\n<div class=\"finax-partner arrow-center bullet-square offsetcenter offset-v0\" data-auto=\"false\" data-loop=\"false\" data-column=\"5\" data-column2=\"2\" data-column3=\"1\" data-gap=\"5\">\r\n\t\r\n\t<div class=\"owl-carousel owl-theme\">\r\n\t            \t<div class=\"partner-item clearfix\">\r\n        \t\t<div class=\"inner\">\r\n\t\t            \t\t            \t<a target=\"_blank\" href=\"\">\r\n\t    \t\t\t\t<div class=\"thumb\">\r\n\t\t    \t\t\t\t<img loading=\"lazy\" decoding=\"async\" width=\"200\" height=\"200\" src=\"https:\/\/zsquaresolutionsinc.com\/wp-content\/uploads\/2020\/06\/SAI_Certification_CAL1_RGB-e1595274560892.png\" class=\"attachment-full size-full wp-post-image\" alt=\"\" \/>\t    \t\t\t\t<\/div>\r\n\t    \t\t\t\t<\/a>\r\n\t         \t\t        \t\t<\/div>\r\n            <\/div>\r\n\t\t        \t<div class=\"partner-item clearfix\">\r\n        \t\t<div class=\"inner\">\r\n\t\t            \t\t            \t<a target=\"_blank\" href=\"\">\r\n\t    \t\t\t\t<div class=\"thumb\">\r\n\t\t    \t\t\t\t<img loading=\"lazy\" decoding=\"async\" width=\"200\" height=\"200\" src=\"https:\/\/zsquaresolutionsinc.com\/wp-content\/uploads\/2020\/06\/CERT-e1595274616780.png\" class=\"attachment-full size-full wp-post-image\" alt=\"\" \/>\t    \t\t\t\t<\/div>\r\n\t    \t\t\t\t<\/a>\r\n\t         \t\t        \t\t<\/div>\r\n            <\/div>\r\n\t\t        \t<div class=\"partner-item clearfix\">\r\n        \t\t<div class=\"inner\">\r\n\t\t            \t\t            \t<a target=\"_blank\" href=\"\">\r\n\t    \t\t\t\t<div class=\"thumb\">\r\n\t\t    \t\t\t\t<img loading=\"lazy\" decoding=\"async\" width=\"278\" height=\"178\" src=\"https:\/\/zsquaresolutionsinc.com\/wp-content\/uploads\/2019\/09\/toastmaster-1.jpg\" class=\"attachment-full size-full wp-post-image\" alt=\"\" \/>\t    \t\t\t\t<\/div>\r\n\t    \t\t\t\t<\/a>\r\n\t         \t\t        \t\t<\/div>\r\n            <\/div>\r\n\t\t        \t<div class=\"partner-item clearfix\">\r\n        \t\t<div class=\"inner\">\r\n\t\t            \t\t            \t<a target=\"_blank\" href=\"\">\r\n\t    \t\t\t\t<div class=\"thumb\">\r\n\t\t    \t\t\t\t<img loading=\"lazy\" decoding=\"async\" width=\"278\" height=\"178\" src=\"https:\/\/zsquaresolutionsinc.com\/wp-content\/uploads\/2019\/09\/csm.jpg\" class=\"attachment-full size-full wp-post-image\" alt=\"\" \/>\t    \t\t\t\t<\/div>\r\n\t    \t\t\t\t<\/a>\r\n\t         \t\t        \t\t<\/div>\r\n            <\/div>\r\n\t\t        \t<div class=\"partner-item clearfix\">\r\n        \t\t<div class=\"inner\">\r\n\t\t            \t\t            \t<a target=\"_blank\" href=\"\">\r\n\t    \t\t\t\t<div class=\"thumb\">\r\n\t\t    \t\t\t\t<img loading=\"lazy\" decoding=\"async\" width=\"278\" height=\"178\" src=\"https:\/\/zsquaresolutionsinc.com\/wp-content\/uploads\/2019\/09\/csp-1.jpg\" class=\"attachment-full size-full wp-post-image\" alt=\"\" \/>\t    \t\t\t\t<\/div>\r\n\t    \t\t\t\t<\/a>\r\n\t         \t\t        \t\t<\/div>\r\n            <\/div>\r\n\t\t\t<\/div><!-- \/.owl-carousel -->\r\n\r\n<\/div><!-- \/.finax-partner -->\r\n\r\n\r\n\t<div class=\"finax-spacer clearfix\" data-desktop=\"100\" data-mobi=\"60\" data-smobi=\"60\"><\/div><\/div><\/div><\/div><\/div><\/div><\/section><\/div>\n<\/div>","protected":false},"excerpt":{"rendered":"","protected":false},"author":1,"featured_media":0,"parent":0,"menu_order":0,"comment_status":"closed","ping_status":"closed","template":"","meta":{"footnotes":""},"class_list":["post-232","page","type-page","status-publish","hentry"],"yoast_head":"<!-- This site is optimized with the Yoast SEO plugin v27.2 - https:\/\/yoast.com\/product\/yoast-seo-wordpress\/ -->\n<title>Team - ZSI - Zsquare Solutions Inc.<\/title>\n<meta name=\"description\" content=\"ZSI is an information technology services company (Full life cycle testing) focused on solving quality challenges for our clients.\" \/>\n<meta name=\"robots\" content=\"index, follow, max-snippet:-1, max-image-preview:large, max-video-preview:-1\" \/>\n<link rel=\"canonical\" href=\"https:\/\/zsquaresolutionsinc.com\/fr\/team\/\" \/>\n<meta property=\"og:locale\" content=\"fr_FR\" \/>\n<meta property=\"og:type\" content=\"article\" \/>\n<meta property=\"og:title\" content=\"Team - ZSI - Zsquare Solutions Inc.\" \/>\n<meta property=\"og:description\" content=\"ZSI is an information technology services company (Full life cycle testing) focused on solving quality challenges for our clients.\" \/>\n<meta property=\"og:url\" content=\"https:\/\/zsquaresolutionsinc.com\/fr\/team\/\" \/>\n<meta property=\"og:site_name\" content=\"ZSI - Zsquare Solutions Inc.\" \/>\n<meta property=\"article:publisher\" content=\"https:\/\/www.facebook.com\/Zsquare-Solutions-Inc-101603384564181\/\" \/>\n<meta property=\"article:modified_time\" content=\"2023-03-07T18:27:57+00:00\" \/>\n<meta name=\"twitter:card\" content=\"summary_large_image\" \/>\n<meta name=\"twitter:site\" content=\"@zsquarei\" \/>\n<meta name=\"twitter:label1\" content=\"Dur\u00e9e de lecture estim\u00e9e\" \/>\n\t<meta name=\"twitter:data1\" content=\"1 minute\" \/>\n<script type=\"application\/ld+json\" class=\"yoast-schema-graph\">{\"@context\":\"https:\/\/schema.org\",\"@graph\":[{\"@type\":\"WebPage\",\"@id\":\"https:\/\/zsquaresolutionsinc.com\/team\/\",\"url\":\"https:\/\/zsquaresolutionsinc.com\/team\/\",\"name\":\"Team - ZSI - Zsquare Solutions Inc.\",\"isPartOf\":{\"@id\":\"https:\/\/zsquaresolutionsinc.com\/#website\"},\"datePublished\":\"2017-09-13T05:23:28+00:00\",\"dateModified\":\"2023-03-07T18:27:57+00:00\",\"description\":\"ZSI is an information technology services company (Full life cycle testing) focused on solving quality challenges for our clients.\",\"breadcrumb\":{\"@id\":\"https:\/\/zsquaresolutionsinc.com\/team\/#breadcrumb\"},\"inLanguage\":\"fr-FR\",\"potentialAction\":[{\"@type\":\"ReadAction\",\"target\":[\"https:\/\/zsquaresolutionsinc.com\/team\/\"]}]},{\"@type\":\"BreadcrumbList\",\"@id\":\"https:\/\/zsquaresolutionsinc.com\/team\/#breadcrumb\",\"itemListElement\":[{\"@type\":\"ListItem\",\"position\":1,\"name\":\"Home\",\"item\":\"https:\/\/zsquaresolutionsinc.com\/\"},{\"@type\":\"ListItem\",\"position\":2,\"name\":\"Team\"}]},{\"@type\":\"WebSite\",\"@id\":\"https:\/\/zsquaresolutionsinc.com\/#website\",\"url\":\"https:\/\/zsquaresolutionsinc.com\/\",\"name\":\"ZSI - Zsquare Solutions Inc.\",\"description\":\"\",\"publisher\":{\"@id\":\"https:\/\/zsquaresolutionsinc.com\/#organization\"},\"potentialAction\":[{\"@type\":\"SearchAction\",\"target\":{\"@type\":\"EntryPoint\",\"urlTemplate\":\"https:\/\/zsquaresolutionsinc.com\/?s={search_term_string}\"},\"query-input\":{\"@type\":\"PropertyValueSpecification\",\"valueRequired\":true,\"valueName\":\"search_term_string\"}}],\"inLanguage\":\"fr-FR\"},{\"@type\":\"Organization\",\"@id\":\"https:\/\/zsquaresolutionsinc.com\/#organization\",\"name\":\"Z Square Solutions Inc\",\"url\":\"https:\/\/zsquaresolutionsinc.com\/\",\"logo\":{\"@type\":\"ImageObject\",\"inLanguage\":\"fr-FR\",\"@id\":\"https:\/\/zsquaresolutionsinc.com\/#\/schema\/logo\/image\/\",\"url\":\"https:\/\/zsquaresolutionsinc.com\/wp-content\/uploads\/2019\/09\/logo_zsquaresolutionsinc-1.png\",\"contentUrl\":\"https:\/\/zsquaresolutionsinc.com\/wp-content\/uploads\/2019\/09\/logo_zsquaresolutionsinc-1.png\",\"width\":115,\"height\":100,\"caption\":\"Z Square Solutions Inc\"},\"image\":{\"@id\":\"https:\/\/zsquaresolutionsinc.com\/#\/schema\/logo\/image\/\"},\"sameAs\":[\"https:\/\/www.facebook.com\/Zsquare-Solutions-Inc-101603384564181\/\",\"https:\/\/x.com\/zsquarei\",\"https:\/\/www.linkedin.com\/company\/zsquaresolutionsinc\"]}]}<\/script>\n<!-- \/ Yoast SEO plugin. -->","yoast_head_json":{"title":"Team - ZSI - Zsquare Solutions Inc.","description":"ZSI is an information technology services company (Full life cycle testing) focused on solving quality challenges for our clients.","robots":{"index":"index","follow":"follow","max-snippet":"max-snippet:-1","max-image-preview":"max-image-preview:large","max-video-preview":"max-video-preview:-1"},"canonical":"https:\/\/zsquaresolutionsinc.com\/fr\/team\/","og_locale":"fr_FR","og_type":"article","og_title":"Team - ZSI - Zsquare Solutions Inc.","og_description":"ZSI is an information technology services company (Full life cycle testing) focused on solving quality challenges for our clients.","og_url":"https:\/\/zsquaresolutionsinc.com\/fr\/team\/","og_site_name":"ZSI - Zsquare Solutions Inc.","article_publisher":"https:\/\/www.facebook.com\/Zsquare-Solutions-Inc-101603384564181\/","article_modified_time":"2023-03-07T18:27:57+00:00","twitter_card":"summary_large_image","twitter_site":"@zsquarei","twitter_misc":{"Dur\u00e9e de lecture estim\u00e9e":"1 minute"},"schema":{"@context":"https:\/\/schema.org","@graph":[{"@type":"WebPage","@id":"https:\/\/zsquaresolutionsinc.com\/team\/","url":"https:\/\/zsquaresolutionsinc.com\/team\/","name":"Team - ZSI - Zsquare Solutions Inc.","isPartOf":{"@id":"https:\/\/zsquaresolutionsinc.com\/#website"},"datePublished":"2017-09-13T05:23:28+00:00","dateModified":"2023-03-07T18:27:57+00:00","description":"ZSI is an information technology services company (Full life cycle testing) focused on solving quality challenges for our clients.","breadcrumb":{"@id":"https:\/\/zsquaresolutionsinc.com\/team\/#breadcrumb"},"inLanguage":"fr-FR","potentialAction":[{"@type":"ReadAction","target":["https:\/\/zsquaresolutionsinc.com\/team\/"]}]},{"@type":"BreadcrumbList","@id":"https:\/\/zsquaresolutionsinc.com\/team\/#breadcrumb","itemListElement":[{"@type":"ListItem","position":1,"name":"Home","item":"https:\/\/zsquaresolutionsinc.com\/"},{"@type":"ListItem","position":2,"name":"Team"}]},{"@type":"WebSite","@id":"https:\/\/zsquaresolutionsinc.com\/#website","url":"https:\/\/zsquaresolutionsinc.com\/","name":"ZSI - Zsquare Solutions Inc.","description":"","publisher":{"@id":"https:\/\/zsquaresolutionsinc.com\/#organization"},"potentialAction":[{"@type":"SearchAction","target":{"@type":"EntryPoint","urlTemplate":"https:\/\/zsquaresolutionsinc.com\/?s={search_term_string}"},"query-input":{"@type":"PropertyValueSpecification","valueRequired":true,"valueName":"search_term_string"}}],"inLanguage":"fr-FR"},{"@type":"Organization","@id":"https:\/\/zsquaresolutionsinc.com\/#organization","name":"Z Square Solutions Inc","url":"https:\/\/zsquaresolutionsinc.com\/","logo":{"@type":"ImageObject","inLanguage":"fr-FR","@id":"https:\/\/zsquaresolutionsinc.com\/#\/schema\/logo\/image\/","url":"https:\/\/zsquaresolutionsinc.com\/wp-content\/uploads\/2019\/09\/logo_zsquaresolutionsinc-1.png","contentUrl":"https:\/\/zsquaresolutionsinc.com\/wp-content\/uploads\/2019\/09\/logo_zsquaresolutionsinc-1.png","width":115,"height":100,"caption":"Z Square Solutions Inc"},"image":{"@id":"https:\/\/zsquaresolutionsinc.com\/#\/schema\/logo\/image\/"},"sameAs":["https:\/\/www.facebook.com\/Zsquare-Solutions-Inc-101603384564181\/","https:\/\/x.com\/zsquarei","https:\/\/www.linkedin.com\/company\/zsquaresolutionsinc"]}]}},"_links":{"self":[{"href":"https:\/\/zsquaresolutionsinc.com\/fr\/wp-json\/wp\/v2\/pages\/232","targetHints":{"allow":["GET"]}}],"collection":[{"href":"https:\/\/zsquaresolutionsinc.com\/fr\/wp-json\/wp\/v2\/pages"}],"about":[{"href":"https:\/\/zsquaresolutionsinc.com\/fr\/wp-json\/wp\/v2\/types\/page"}],"author":[{"embeddable":true,"href":"https:\/\/zsquaresolutionsinc.com\/fr\/wp-json\/wp\/v2\/users\/1"}],"replies":[{"embeddable":true,"href":"https:\/\/zsquaresolutionsinc.com\/fr\/wp-json\/wp\/v2\/comments?post=232"}],"version-history":[{"count":27,"href":"https:\/\/zsquaresolutionsinc.com\/fr\/wp-json\/wp\/v2\/pages\/232\/revisions"}],"predecessor-version":[{"id":6578,"href":"https:\/\/zsquaresolutionsinc.com\/fr\/wp-json\/wp\/v2\/pages\/232\/revisions\/6578"}],"wp:attachment":[{"href":"https:\/\/zsquaresolutionsinc.com\/fr\/wp-json\/wp\/v2\/media?parent=232"}],"curies":[{"name":"wp","href":"https:\/\/api.w.org\/{rel}","templated":true}]}}