{"id":6544,"date":"2023-02-27T08:36:22","date_gmt":"2023-02-27T07:36:22","guid":{"rendered":"https:\/\/zsquaresolutionsinc.com\/?page_id=6544"},"modified":"2024-05-08T10:34:14","modified_gmt":"2024-05-08T08:34:14","slug":"speaking","status":"publish","type":"page","link":"https:\/\/zsquaresolutionsinc.com\/fr\/speaking\/","title":{"rendered":"Prises de parole"},"content":{"rendered":"<div class=\"wpb-content-wrapper\"><div class=\"vc-custom-col-spacing clearfix vc-col-spacing-30\"><section class=\"wpb_row vc_row-fluid\"><div class=\"finax-container\"><div class=\"row-inner clearfix\"><div class=\"wpb_column vc_column_container vc_col-sm-12\"><div class=\"vc_column-inner\"><div class=\"wpb_wrapper\">\n\t<div class=\"wpb_text_column wpb_content_element vc_custom_1678178204947\" >\n\t\t<div class=\"wpb_wrapper\">\n\t\t\t<h4>Lisette Zounon est disponible pour des conf\u00e9rences au printemps et \u00e0 l'automne partout dans le monde. Saisissez cette opportunit\u00e9 d'entendre l'une des principales leaders d'opinion en ing\u00e9nierie, transformation Agile, transformation de l'automatisation de la qualit\u00e9, intelligence artificielle et leadership Agile.<\/h4>\n<p>Pour programmer Lisette comme conf\u00e9renci\u00e8re lors de votre conf\u00e9rence ou \u00e9v\u00e9nement, veuillez remplir le formulaire ci-dessous ou contacter Zsquare Solutions Inc. \u00e0 l'adresse <a href=\"mailto:info@zsquaresolutionsinc.com\">info@zsquaresolutionsinc.com<\/a>.<\/p>\n<p><strong>T\u00e9l\u00e9charger <a href=\"https:\/\/zsquaresolutionsinc.com\/wp-content\/uploads\/2023\/03\/Bio_LisetteZounon2023.pdf\" target=\"_blank\" rel=\"noopener noreferrer\">Lisette Bio<\/a> et <a href=\"https:\/\/zsquaresolutionsinc.com\/wp-content\/uploads\/2023\/03\/Media-Kit-for-Lisette-2023.pdf\" target=\"_blank\" rel=\"noopener noreferrer\">Lisette Media Kit<\/a><\/strong><\/p>\n\n\t\t<\/div>\n\t<\/div>\n\n<div class=\"wpcf7 no-js\" id=\"wpcf7-f6547-o1\" lang=\"en-US\" dir=\"ltr\" data-wpcf7-id=\"6547\">\n<div class=\"screen-reader-response\"><p role=\"status\" aria-live=\"polite\" aria-atomic=\"true\"><\/p> <ul><\/ul><\/div>\n<form action=\"\/fr\/wp-json\/wp\/v2\/pages\/6544#wpcf7-f6547-o1\" method=\"post\" class=\"wpcf7-form init\" aria-label=\"Contact form\" novalidate=\"novalidate\" data-status=\"init\" data-trp-original-action=\"\/fr\/wp-json\/wp\/v2\/pages\/6544#wpcf7-f6547-o1\">\n<fieldset class=\"hidden-fields-container\"><input type=\"hidden\" name=\"_wpcf7\" value=\"6547\" \/><input type=\"hidden\" name=\"_wpcf7_version\" value=\"6.1.5\" \/><input type=\"hidden\" name=\"_wpcf7_locale\" value=\"en_US\" \/><input type=\"hidden\" name=\"_wpcf7_unit_tag\" value=\"wpcf7-f6547-o1\" \/><input type=\"hidden\" name=\"_wpcf7_container_post\" value=\"0\" \/><input type=\"hidden\" name=\"_wpcf7_posted_data_hash\" value=\"\" \/>\n<\/fieldset>\n<p><label> Votre nom<br \/>\n<span class=\"wpcf7-form-control-wrap\" data-name=\"your-name\"><input size=\"40\" maxlength=\"400\" class=\"wpcf7-form-control wpcf7-text wpcf7-validates-as-required\" aria-required=\"true\" aria-invalid=\"false\" value=\"\" type=\"text\" name=\"your-name\" \/><\/span> <\/label>\n<\/p>\n<p><label> Votre email<br \/>\n<span class=\"wpcf7-form-control-wrap\" data-name=\"your-email\"><input size=\"40\" maxlength=\"400\" class=\"wpcf7-form-control wpcf7-email wpcf7-validates-as-required wpcf7-text wpcf7-validates-as-email\" aria-required=\"true\" aria-invalid=\"false\" value=\"\" type=\"email\" name=\"your-email\" \/><\/span> <\/label>\n<\/p>\n<p><label> Num\u00e9ro de t\u00e9l\u00e9phone<br \/>\n<span class=\"wpcf7-form-control-wrap\" data-name=\"tel-131\"><input size=\"40\" maxlength=\"400\" class=\"wpcf7-form-control wpcf7-tel wpcf7-validates-as-required wpcf7-text wpcf7-validates-as-tel\" aria-required=\"true\" aria-invalid=\"false\" value=\"\" type=\"tel\" name=\"tel-131\" \/><\/span> <\/label>\n<\/p>\n<p><label> Num\u00e9ro de mobile<br \/>\n<span class=\"wpcf7-form-control-wrap\" data-name=\"number-418\"><input class=\"wpcf7-form-control wpcf7-number wpcf7-validates-as-required wpcf7-validates-as-number\" aria-required=\"true\" aria-invalid=\"false\" value=\"\" type=\"number\" name=\"number-418\" \/><\/span> <\/label>\n<\/p>\n<p><label> Nom de l'organisation<br \/>\n<span class=\"wpcf7-form-control-wrap\" data-name=\"organization-name\"><input size=\"40\" maxlength=\"400\" class=\"wpcf7-form-control wpcf7-text wpcf7-validates-as-required\" aria-required=\"true\" aria-invalid=\"false\" value=\"\" type=\"text\" name=\"organization-name\" \/><\/span> <\/label>\n<\/p>\n<p><label> Site web<br \/>\n<span class=\"wpcf7-form-control-wrap\" data-name=\"your-website\"><input size=\"40\" maxlength=\"400\" class=\"wpcf7-form-control wpcf7-url wpcf7-text wpcf7-validates-as-url\" aria-invalid=\"false\" value=\"\" type=\"url\" name=\"your-website\" \/><\/span> <\/label>\n<\/p>\n<p><label> Type d'\u00e9v\u00e9nement<br \/>\n<span class=\"wpcf7-form-control-wrap\" data-name=\"your-event-type\"><input size=\"40\" maxlength=\"400\" class=\"wpcf7-form-control wpcf7-text\" aria-invalid=\"false\" value=\"\" type=\"text\" name=\"your-event-type\" \/><\/span> <\/label>\n<\/p>\n<p><label> Secteur d'activit\u00e9<br \/>\n<span class=\"wpcf7-form-control-wrap\" data-name=\"your-industry\"><input size=\"40\" maxlength=\"400\" class=\"wpcf7-form-control wpcf7-text\" aria-invalid=\"false\" value=\"\" type=\"text\" name=\"your-industry\" \/><\/span> <\/label>\n<\/p>\n<p><label> D\u00e9tails de l'organisation<br \/>\n<span class=\"wpcf7-form-control-wrap\" data-name=\"your-organization-details\"><textarea cols=\"40\" rows=\"10\" maxlength=\"2000\" class=\"wpcf7-form-control wpcf7-textarea wpcf7-validates-as-required\" aria-required=\"true\" aria-invalid=\"false\" name=\"your-organization-details\"><\/textarea><\/span> <\/label>\n<\/p>\n<p><label> R\u00f4le dans l'\u00e9v\u00e9nement<br \/>\n<span class=\"wpcf7-form-control-wrap\" data-name=\"role-in-event\"><select class=\"wpcf7-form-control wpcf7-select wpcf7-validates-as-required\" aria-required=\"true\" aria-invalid=\"false\" name=\"role-in-event\"><option value=\"\">&#8212;Please choose an option&#8212;<\/option><option value=\"Panelist\">Panelist<\/option><option value=\"Keynote Speaker\">Keynote Speaker<\/option><option value=\"Guest Speaker\">Guest Speaker<\/option><option value=\"Moderator\">Moderator<\/option><\/select><\/span> <\/label>\n<\/p>\n<p><label> Date de l'\u00e9v\u00e9nement (premier choix)<br \/>\n<span class=\"wpcf7-form-control-wrap\" data-name=\"event-date-first-choice\"><input class=\"wpcf7-form-control wpcf7-date wpcf7-validates-as-required wpcf7-validates-as-date\" aria-required=\"true\" aria-invalid=\"false\" value=\"\" type=\"date\" name=\"event-date-first-choice\" \/><\/span> <\/label>\n<\/p>\n<p><label> Date de l'\u00e9v\u00e9nement (deuxi\u00e8me choix)<br \/>\n<span class=\"wpcf7-form-control-wrap\" data-name=\"event-date-second-choice\"><input class=\"wpcf7-form-control wpcf7-date wpcf7-validates-as-required wpcf7-validates-as-date\" aria-required=\"true\" aria-invalid=\"false\" value=\"\" type=\"date\" name=\"event-date-second-choice\" \/><\/span> <\/label>\n<\/p>\n<p><label> Sujet de la conf\u00e9rence<br \/>\n<span class=\"wpcf7-form-control-wrap\" data-name=\"keynote-topic\"><input size=\"40\" maxlength=\"400\" class=\"wpcf7-form-control wpcf7-text wpcf7-validates-as-required\" aria-required=\"true\" aria-invalid=\"false\" value=\"\" type=\"text\" name=\"keynote-topic\" \/><\/span> <\/label>\n<\/p>\n<p><label> Heure de d\u00e9but de l'\u00e9v\u00e9nement<br \/>\n<span class=\"wpcf7-form-control-wrap\" data-name=\"event-start-time\"><input size=\"40\" maxlength=\"400\" class=\"wpcf7-form-control wpcf7-text wpcf7-validates-as-required\" aria-required=\"true\" aria-invalid=\"false\" value=\"\" type=\"text\" name=\"event-start-time\" \/><\/span> <\/label>\n<\/p>\n<p><label> Heure pr\u00e9vue pour le\/la conf\u00e9rencier(\u00e8re)<br \/>\n<span class=\"wpcf7-form-control-wrap\" data-name=\"event-time-for-speaker\"><input size=\"40\" maxlength=\"400\" class=\"wpcf7-form-control wpcf7-text wpcf7-validates-as-required\" aria-required=\"true\" aria-invalid=\"false\" value=\"\" type=\"text\" name=\"event-time-for-speaker\" \/><\/span> <\/label>\n<\/p>\n<p><label> Nom de l'\u00e9v\u00e9nement<br \/>\n<span class=\"wpcf7-form-control-wrap\" data-name=\"event-name\"><input size=\"40\" maxlength=\"400\" class=\"wpcf7-form-control wpcf7-text wpcf7-validates-as-required\" aria-required=\"true\" aria-invalid=\"false\" value=\"\" type=\"text\" name=\"event-name\" \/><\/span> <\/label>\n<\/p>\n<p><label> Description de l'\u00e9v\u00e9nement<br \/>\n<span class=\"wpcf7-form-control-wrap\" data-name=\"event-description\"><textarea cols=\"40\" rows=\"10\" maxlength=\"2000\" class=\"wpcf7-form-control wpcf7-textarea wpcf7-validates-as-required\" aria-required=\"true\" aria-invalid=\"false\" name=\"event-description\"><\/textarea><\/span> <\/label>\n<\/p>\n<p><label> Sujet du panel<br \/>\n<span class=\"wpcf7-form-control-wrap\" data-name=\"panel-topic\"><input size=\"40\" maxlength=\"400\" class=\"wpcf7-form-control wpcf7-text wpcf7-validates-as-required\" aria-required=\"true\" aria-invalid=\"false\" value=\"\" type=\"text\" name=\"panel-topic\" \/><\/span> <\/label>\n<\/p>\n<p><label> Pan\u00e9listes<br \/>\n<span class=\"wpcf7-form-control-wrap\" data-name=\"panelists\"><textarea cols=\"40\" rows=\"10\" maxlength=\"2000\" class=\"wpcf7-form-control wpcf7-textarea wpcf7-validates-as-required\" aria-required=\"true\" aria-invalid=\"false\" name=\"panelists\"><\/textarea><\/span> <\/label>\n<\/p>\n<p><label> Nom du lieu<br \/>\n<span class=\"wpcf7-form-control-wrap\" data-name=\"venue-name\"><input size=\"40\" maxlength=\"400\" class=\"wpcf7-form-control wpcf7-text wpcf7-validates-as-required\" aria-required=\"true\" aria-invalid=\"false\" value=\"\" type=\"text\" name=\"venue-name\" \/><\/span> <\/label>\n<\/p>\n<p><label> Adresse du lieu<br \/>\n<span class=\"wpcf7-form-control-wrap\" data-name=\"venue-address\"><input size=\"40\" maxlength=\"400\" class=\"wpcf7-form-control wpcf7-text wpcf7-validates-as-required\" aria-required=\"true\" aria-invalid=\"false\" value=\"\" type=\"text\" name=\"venue-address\" \/><\/span> <\/label>\n<\/p>\n<p><label> A\u00e9roport le plus proche du lieu<br \/>\n<span class=\"wpcf7-form-control-wrap\" data-name=\"closest-airport-to-venue\"><input size=\"40\" maxlength=\"400\" class=\"wpcf7-form-control wpcf7-text wpcf7-validates-as-required\" aria-required=\"true\" aria-invalid=\"false\" value=\"\" type=\"text\" name=\"closest-airport-to-venue\" \/><\/span> <\/label>\n<\/p>\n<p><label> Qui est le public ?<br \/>\n<span class=\"wpcf7-form-control-wrap\" data-name=\"who-is-the-audience\"><textarea cols=\"40\" rows=\"10\" maxlength=\"2000\" class=\"wpcf7-form-control wpcf7-textarea wpcf7-validates-as-required\" aria-required=\"true\" aria-invalid=\"false\" name=\"who-is-the-audience\"><\/textarea><\/span> <\/label>\n<\/p>\n<p>L'organisation prendra en charge les frais<br \/>\n<span class=\"wpcf7-form-control-wrap\" data-name=\"organization-will-cover-expenses\"><span class=\"wpcf7-form-control wpcf7-radio\"><span class=\"wpcf7-list-item first\"><label><input type=\"radio\" name=\"organization-will-cover-expenses\" value=\"Yes\" checked=\"checked\" \/><span class=\"wpcf7-list-item-label\">Oui<\/span><\/label><\/span><span class=\"wpcf7-list-item last\"><label><input type=\"radio\" name=\"organization-will-cover-expenses\" value=\"No\" \/><span class=\"wpcf7-list-item-label\">Non<\/span><\/label><\/span><\/span><\/span>\n<\/p>\n<p>Honoraires<br \/>\n<span class=\"wpcf7-form-control-wrap\" data-name=\"honarium\"><span class=\"wpcf7-form-control wpcf7-radio\"><span class=\"wpcf7-list-item first\"><label><input type=\"radio\" name=\"honarium\" value=\"Yes\" checked=\"checked\" \/><span class=\"wpcf7-list-item-label\">Oui<\/span><\/label><\/span><span class=\"wpcf7-list-item last\"><label><input type=\"radio\" name=\"honarium\" value=\"No\" \/><span class=\"wpcf7-list-item-label\">Non<\/span><\/label><\/span><\/span><\/span>\n<\/p>\n<p><label> Budget pour un\/e conf\u00e9rencier(\u00e8re)<br \/>\n<span class=\"wpcf7-form-control-wrap\" data-name=\"budget-for-a-speaker\"><input class=\"wpcf7-form-control wpcf7-number wpcf7-validates-as-required wpcf7-validates-as-number\" aria-required=\"true\" aria-invalid=\"false\" value=\"\" type=\"number\" name=\"budget-for-a-speaker\" \/><\/span> <\/label>\n<\/p>\n<p><label> Date limite de r\u00e9ponse<br \/>\n<span class=\"wpcf7-form-control-wrap\" data-name=\"deadline-for-response\"><input class=\"wpcf7-form-control wpcf7-date wpcf7-validates-as-required wpcf7-validates-as-date\" aria-required=\"true\" aria-invalid=\"false\" value=\"\" type=\"date\" name=\"deadline-for-response\" \/><\/span> <\/label>\n<\/p>\n<p><input class=\"wpcf7-form-control wpcf7-submit has-spinner\" type=\"submit\" value=\"Soumettre\" \/>\n<\/p><div class=\"wpcf7-response-output\" aria-hidden=\"true\"><\/div>\n<input type=\"hidden\" name=\"trp-form-language\" value=\"fr\"\/><\/form>\n<\/div>\n<div class=\"\"><a class=\"finax-links\" href=\"https:\/\/zsquaresolutionsinc.com\/fr\/feedback\/\" style=\"\" >\r\n\t\t\t<span class=\"text\" style=\"\">Laisser un commentaire<\/span>\r\n\t\t\t<i class=\"coreicon-arrow-right\"><\/i>\r\n\t\t<\/a><\/div><\/div><\/div><\/div><\/div><\/div><\/section><\/div>\n<\/div>","protected":false},"excerpt":{"rendered":"Lisette Zounon is available for speaking engagements in Spring and Fall all over the world. Take this opportunity to hear from one of the leading thought leaders in Engineering, Agile Transformation, Quality Automation transformation, Artificial Intelligence, and Agile Leadership. To schedule Lisette as speaker at your conference or event please","protected":false},"author":3,"featured_media":0,"parent":0,"menu_order":0,"comment_status":"closed","ping_status":"closed","template":"","meta":{"footnotes":""},"class_list":["post-6544","page","type-page","status-publish","hentry"],"yoast_head":"<!-- This site is optimized with the Yoast SEO plugin v27.2 - https:\/\/yoast.com\/product\/yoast-seo-wordpress\/ -->\n<title>Speaking - ZSI - Zsquare Solutions Inc.<\/title>\n<meta name=\"robots\" content=\"index, follow, max-snippet:-1, max-image-preview:large, max-video-preview:-1\" \/>\n<link rel=\"canonical\" href=\"https:\/\/zsquaresolutionsinc.com\/fr\/speaking\/\" \/>\n<meta property=\"og:locale\" content=\"fr_FR\" \/>\n<meta property=\"og:type\" content=\"article\" \/>\n<meta property=\"og:title\" content=\"Speaking - ZSI - Zsquare Solutions Inc.\" \/>\n<meta property=\"og:url\" content=\"https:\/\/zsquaresolutionsinc.com\/fr\/speaking\/\" \/>\n<meta property=\"og:site_name\" content=\"ZSI - Zsquare Solutions Inc.\" \/>\n<meta property=\"article:publisher\" content=\"https:\/\/www.facebook.com\/Zsquare-Solutions-Inc-101603384564181\/\" \/>\n<meta property=\"article:modified_time\" content=\"2024-05-08T08:34:14+00:00\" \/>\n<meta name=\"twitter:card\" content=\"summary_large_image\" \/>\n<meta name=\"twitter:site\" content=\"@zsquarei\" \/>\n<meta name=\"twitter:label1\" content=\"Dur\u00e9e de lecture estim\u00e9e\" \/>\n\t<meta name=\"twitter:data1\" content=\"1 minute\" \/>\n<script type=\"application\/ld+json\" class=\"yoast-schema-graph\">{\"@context\":\"https:\/\/schema.org\",\"@graph\":[{\"@type\":\"WebPage\",\"@id\":\"https:\/\/zsquaresolutionsinc.com\/speaking\/\",\"url\":\"https:\/\/zsquaresolutionsinc.com\/speaking\/\",\"name\":\"Speaking - ZSI - Zsquare Solutions Inc.\",\"isPartOf\":{\"@id\":\"https:\/\/zsquaresolutionsinc.com\/#website\"},\"datePublished\":\"2023-02-27T07:36:22+00:00\",\"dateModified\":\"2024-05-08T08:34:14+00:00\",\"breadcrumb\":{\"@id\":\"https:\/\/zsquaresolutionsinc.com\/speaking\/#breadcrumb\"},\"inLanguage\":\"fr-FR\",\"potentialAction\":[{\"@type\":\"ReadAction\",\"target\":[\"https:\/\/zsquaresolutionsinc.com\/speaking\/\"]}]},{\"@type\":\"BreadcrumbList\",\"@id\":\"https:\/\/zsquaresolutionsinc.com\/speaking\/#breadcrumb\",\"itemListElement\":[{\"@type\":\"ListItem\",\"position\":1,\"name\":\"Home\",\"item\":\"https:\/\/zsquaresolutionsinc.com\/\"},{\"@type\":\"ListItem\",\"position\":2,\"name\":\"Speaking\"}]},{\"@type\":\"WebSite\",\"@id\":\"https:\/\/zsquaresolutionsinc.com\/#website\",\"url\":\"https:\/\/zsquaresolutionsinc.com\/\",\"name\":\"ZSI - Zsquare Solutions Inc.\",\"description\":\"\",\"publisher\":{\"@id\":\"https:\/\/zsquaresolutionsinc.com\/#organization\"},\"potentialAction\":[{\"@type\":\"SearchAction\",\"target\":{\"@type\":\"EntryPoint\",\"urlTemplate\":\"https:\/\/zsquaresolutionsinc.com\/?s={search_term_string}\"},\"query-input\":{\"@type\":\"PropertyValueSpecification\",\"valueRequired\":true,\"valueName\":\"search_term_string\"}}],\"inLanguage\":\"fr-FR\"},{\"@type\":\"Organization\",\"@id\":\"https:\/\/zsquaresolutionsinc.com\/#organization\",\"name\":\"Z Square Solutions Inc\",\"url\":\"https:\/\/zsquaresolutionsinc.com\/\",\"logo\":{\"@type\":\"ImageObject\",\"inLanguage\":\"fr-FR\",\"@id\":\"https:\/\/zsquaresolutionsinc.com\/#\/schema\/logo\/image\/\",\"url\":\"https:\/\/zsquaresolutionsinc.com\/wp-content\/uploads\/2019\/09\/logo_zsquaresolutionsinc-1.png\",\"contentUrl\":\"https:\/\/zsquaresolutionsinc.com\/wp-content\/uploads\/2019\/09\/logo_zsquaresolutionsinc-1.png\",\"width\":115,\"height\":100,\"caption\":\"Z Square Solutions Inc\"},\"image\":{\"@id\":\"https:\/\/zsquaresolutionsinc.com\/#\/schema\/logo\/image\/\"},\"sameAs\":[\"https:\/\/www.facebook.com\/Zsquare-Solutions-Inc-101603384564181\/\",\"https:\/\/x.com\/zsquarei\",\"https:\/\/www.linkedin.com\/company\/zsquaresolutionsinc\"]}]}<\/script>\n<!-- \/ Yoast SEO plugin. -->","yoast_head_json":{"title":"Speaking - ZSI - Zsquare Solutions Inc.","robots":{"index":"index","follow":"follow","max-snippet":"max-snippet:-1","max-image-preview":"max-image-preview:large","max-video-preview":"max-video-preview:-1"},"canonical":"https:\/\/zsquaresolutionsinc.com\/fr\/speaking\/","og_locale":"fr_FR","og_type":"article","og_title":"Speaking - ZSI - Zsquare Solutions Inc.","og_url":"https:\/\/zsquaresolutionsinc.com\/fr\/speaking\/","og_site_name":"ZSI - Zsquare Solutions Inc.","article_publisher":"https:\/\/www.facebook.com\/Zsquare-Solutions-Inc-101603384564181\/","article_modified_time":"2024-05-08T08:34:14+00:00","twitter_card":"summary_large_image","twitter_site":"@zsquarei","twitter_misc":{"Dur\u00e9e de lecture estim\u00e9e":"1 minute"},"schema":{"@context":"https:\/\/schema.org","@graph":[{"@type":"WebPage","@id":"https:\/\/zsquaresolutionsinc.com\/speaking\/","url":"https:\/\/zsquaresolutionsinc.com\/speaking\/","name":"Speaking - ZSI - Zsquare Solutions Inc.","isPartOf":{"@id":"https:\/\/zsquaresolutionsinc.com\/#website"},"datePublished":"2023-02-27T07:36:22+00:00","dateModified":"2024-05-08T08:34:14+00:00","breadcrumb":{"@id":"https:\/\/zsquaresolutionsinc.com\/speaking\/#breadcrumb"},"inLanguage":"fr-FR","potentialAction":[{"@type":"ReadAction","target":["https:\/\/zsquaresolutionsinc.com\/speaking\/"]}]},{"@type":"BreadcrumbList","@id":"https:\/\/zsquaresolutionsinc.com\/speaking\/#breadcrumb","itemListElement":[{"@type":"ListItem","position":1,"name":"Home","item":"https:\/\/zsquaresolutionsinc.com\/"},{"@type":"ListItem","position":2,"name":"Speaking"}]},{"@type":"WebSite","@id":"https:\/\/zsquaresolutionsinc.com\/#website","url":"https:\/\/zsquaresolutionsinc.com\/","name":"ZSI - Zsquare Solutions Inc.","description":"","publisher":{"@id":"https:\/\/zsquaresolutionsinc.com\/#organization"},"potentialAction":[{"@type":"SearchAction","target":{"@type":"EntryPoint","urlTemplate":"https:\/\/zsquaresolutionsinc.com\/?s={search_term_string}"},"query-input":{"@type":"PropertyValueSpecification","valueRequired":true,"valueName":"search_term_string"}}],"inLanguage":"fr-FR"},{"@type":"Organization","@id":"https:\/\/zsquaresolutionsinc.com\/#organization","name":"Z Square Solutions Inc","url":"https:\/\/zsquaresolutionsinc.com\/","logo":{"@type":"ImageObject","inLanguage":"fr-FR","@id":"https:\/\/zsquaresolutionsinc.com\/#\/schema\/logo\/image\/","url":"https:\/\/zsquaresolutionsinc.com\/wp-content\/uploads\/2019\/09\/logo_zsquaresolutionsinc-1.png","contentUrl":"https:\/\/zsquaresolutionsinc.com\/wp-content\/uploads\/2019\/09\/logo_zsquaresolutionsinc-1.png","width":115,"height":100,"caption":"Z Square Solutions Inc"},"image":{"@id":"https:\/\/zsquaresolutionsinc.com\/#\/schema\/logo\/image\/"},"sameAs":["https:\/\/www.facebook.com\/Zsquare-Solutions-Inc-101603384564181\/","https:\/\/x.com\/zsquarei","https:\/\/www.linkedin.com\/company\/zsquaresolutionsinc"]}]}},"_links":{"self":[{"href":"https:\/\/zsquaresolutionsinc.com\/fr\/wp-json\/wp\/v2\/pages\/6544","targetHints":{"allow":["GET"]}}],"collection":[{"href":"https:\/\/zsquaresolutionsinc.com\/fr\/wp-json\/wp\/v2\/pages"}],"about":[{"href":"https:\/\/zsquaresolutionsinc.com\/fr\/wp-json\/wp\/v2\/types\/page"}],"author":[{"embeddable":true,"href":"https:\/\/zsquaresolutionsinc.com\/fr\/wp-json\/wp\/v2\/users\/3"}],"replies":[{"embeddable":true,"href":"https:\/\/zsquaresolutionsinc.com\/fr\/wp-json\/wp\/v2\/comments?post=6544"}],"version-history":[{"count":8,"href":"https:\/\/zsquaresolutionsinc.com\/fr\/wp-json\/wp\/v2\/pages\/6544\/revisions"}],"predecessor-version":[{"id":6764,"href":"https:\/\/zsquaresolutionsinc.com\/fr\/wp-json\/wp\/v2\/pages\/6544\/revisions\/6764"}],"wp:attachment":[{"href":"https:\/\/zsquaresolutionsinc.com\/fr\/wp-json\/wp\/v2\/media?parent=6544"}],"curies":[{"name":"wp","href":"https:\/\/api.w.org\/{rel}","templated":true}]}}